{"id":210,"date":"2017-10-30T13:19:01","date_gmt":"2017-10-30T11:19:01","guid":{"rendered":"http:\/\/www.koztek.com\/?page_id=210"},"modified":"2018-01-10T15:02:46","modified_gmt":"2018-01-10T13:02:46","slug":"referanslar","status":"publish","type":"page","link":"https:\/\/www.koztek.com\/ru\/referanslar\/","title":{"rendered":"\u041d\u0410\u0428 \u041e\u041f\u042b\u0422"},"content":{"rendered":"<p><\/p>\n<table class=\"table table-striped\">\n<tbody>\n<tr>\n<td>DEWA<\/td>\n<td>DUBAIDEWA<\/td>\n<td>DUBAI<\/td>\n<\/tr>\n<tr>\n<td>TEIAS REGIONAL MANAGEMENT<\/td>\n<td>IZMIRTEIAS REGIONAL MANAGEMENT<\/td>\n<td>IZMIR<\/td>\n<\/tr>\n<tr>\n<td>TEIAS REGIONAL MANAGEMENT<\/td>\n<td>KUTAHYATEIAS REGIONAL MANAGEMENT<\/td>\n<td>KUTAHYA<\/td>\n<\/tr>\n<tr>\n<td>TEIAS REGIONAL MANAGEMENT<\/td>\n<td>GAZIANTEPTEIAS REGIONAL MANAGEMENT<\/td>\n<td>GAZIANTEP<\/td>\n<\/tr>\n<tr>\n<td>US AIR BASE &#8212; INCIRLIK<\/td>\n<td>ADANAUS AIR BASE<\/td>\n<td>INCIRLIK &#8212; ADANA<\/td>\n<\/tr>\n<tr>\n<td>TURK TRAKTOR<\/td>\n<td>FACTORYTURK<\/td>\n<td>TRAKTOR FACTORY<\/td>\n<\/tr>\n<tr>\n<td>PEM ENERGYPEM<\/td>\n<td>ENERGY<\/td>\n<td><\/td>\n<\/tr>\n<tr>\n<td>TEIAS GENERAL MANAGEMENT<\/td>\n<td>ANKARATEIAS GENERAL MANAGEMENT<\/td>\n<td>ANKARA<\/td>\n<\/tr>\n<tr>\n<td>PEM ENERGYPEM<\/td>\n<td>ENERGY<\/td>\n<td><\/td>\n<\/tr>\n<tr>\n<td>TEIAS REGIONAL MANAGEMENT<\/td>\n<td>ISPARTATEIAS REGIONAL MANAGEMENT<\/td>\n<td>ISPARTA<\/td>\n<\/tr>\n<tr>\n<td>TEIAS REGIONAL MANAGEMENT<\/td>\n<td>ADAPAZARITEIAS REGIONAL MANAGEMENT<\/td>\n<td>ADAPAZARI<\/td>\n<\/tr>\n<tr>\n<td>SIEMENS MANUFACTURING FACTORY<\/td>\n<td>KARTALSIEMENS MANUFACTURING FACTORY<\/td>\n<td>KARTAL<\/td>\n<\/tr>\n<tr>\n<td>ARAMCO<\/td>\n<td>SAUDI ARABIAARAMCO<\/td>\n<td>SAUDI ARABIA<\/td>\n<\/tr>\n<tr>\n<td>ABU DHABI ONSHORE OIL (ADCO)<\/td>\n<td>UAEABU DHABI ONSHORE OIL (ADCO)<\/td>\n<td>UAE<\/td>\n<\/tr>\n<tr>\n<td>ARAMCO<\/td>\n<td>SAUDI ARABIA<\/td>\n<td><\/td>\n<\/tr>\n<tr>\n<td>SEAS SOMA POWER PLANT<\/td>\n<td><\/td>\n<td><\/td>\n<\/tr>\n<tr>\n<td>YESILYURT POWER PLANT<\/td>\n<td><\/td>\n<td><\/td>\n<\/tr>\n<tr>\n<td>TEIAS REGIONAL MANAGEMENT<\/td>\n<td>ADAPAZARI<\/td>\n<td><\/td>\n<\/tr>\n<tr>\n<td>KIROBA ELEKTRIK A.S.<\/td>\n<td><\/td>\n<td><\/td>\n<\/tr>\n<tr>\n<td>ARAMCO<\/td>\n<td>SAUDI ARABIA<\/td>\n<td><\/td>\n<\/tr>\n<tr>\n<td>TEKTUG POWER GENERATION COMPANY<\/td>\n<td><\/td>\n<td><\/td>\n<\/tr>\n<tr>\n<td>TEIAS REGIONAL MANAGEMENT<\/td>\n<td>VAN<\/td>\n<td><\/td>\n<\/tr>\n<tr>\n<td>POLAT POWER GENERATION COMPANY<\/td>\n<td><\/td>\n<td><\/td>\n<\/tr>\n<tr>\n<td>IRMAK POWER GENERATION COMPANY<\/td>\n<td><\/td>\n<td><\/td>\n<\/tr>\n<tr>\n<td>POLAT POWER GENERATION COMPANY<\/td>\n<td><\/td>\n<td><\/td>\n<\/tr>\n<tr>\n<td>SEVER ELECTRO<\/td>\n<td>KIRGIZISTAN<\/td>\n<td><\/td>\n<\/tr>\n<tr>\n<td>TEIAS REGIONAL MANAGEMENT<\/td>\n<td>KASTAMONU<\/td>\n<td><\/td>\n<\/tr>\n<tr>\n<td>NAHCIVAN\/ ARPACAY HES<\/td>\n<td><\/td>\n<td><\/td>\n<\/tr>\n<tr>\n<td>RAS AL KHAIR PROJECT<\/td>\n<td><\/td>\n<td><\/td>\n<\/tr>\n<tr>\n<td>TEIAS REGIONAL MANAGEMENT<\/td>\n<td>MARDIN<\/td>\n<td><\/td>\n<\/tr>\n<tr>\n<td>TEIAS REGIONAL MANAGEMENT<\/td>\n<td>SANLIURFATEIAS REGIONAL MANAGEMENT<\/td>\n<td>SANLIURFA<\/td>\n<\/tr>\n<tr>\n<td>TEIAS REGIONAL MANAGEMENT<\/td>\n<td>ISTANBULTEIAS REGIONAL MANAGEMENT<\/td>\n<td>ISTANBUL<\/td>\n<\/tr>\n<tr>\n<td>TEIAS REGIONAL MANAGEMENT<\/td>\n<td>MARDINTEIAS REGIONAL MANAGEMENT<\/td>\n<td>MARDIN<\/td>\n<\/tr>\n<tr>\n<td>TEIAS GENERAL MANAGEMENTTEIAS GENERAL MANAGEMENT<\/td>\n<td><\/td>\n<td><\/td>\n<\/tr>\n<tr>\n<td>TEIAS REGIONAL MANAGEMENT<\/td>\n<td>IZMITTEIAS REGIONAL MANAGEMENT<\/td>\n<td>IZMIT<\/td>\n<\/tr>\n<tr>\n<td>TEIAS REGIONAL MANAGEMENT<\/td>\n<td>ERZURUMTEIAS REGIONAL MANAGEMENT<\/td>\n<td>ERZURUM<\/td>\n<\/tr>\n<tr>\n<td>SAMSUN OSBSAMSUN OSB<\/td>\n<td><\/td>\n<td><\/td>\n<\/tr>\n<tr>\n<td>SEFERIHISAR RES<\/td>\n<td>ZMIRSEFERIHISAR RESI<\/td>\n<td>IZMIR<\/td>\n<\/tr>\n<tr>\n<td>MADRANBABA RES<\/td>\n<td>AYDINMADRANBABA RES<\/td>\n<td>AYDIN<\/td>\n<\/tr>\n<tr>\n<td>ALENTEK ENERGYALENTEK ENERGY<\/td>\n<td><\/td>\n<td><\/td>\n<\/tr>\n<tr>\n<td>RAS AL KHAIR<\/td>\n<td>ALUMINIUM SMELTER PROJECTRAS AL KHAIR<\/td>\n<td>ALUMINIUM SMELTER PROJECT<\/td>\n<\/tr>\n<tr>\n<td>WEST DIYARBEKIR DRILLING PLATFORM<\/td>\n<td>LV SWITCHBOAWEST DIYARBEKIR DRILLING PLATFORM<\/td>\n<td>LV SWITCHBOA<\/td>\n<\/tr>\n<tr>\n<td>POLAT POWER GENERATION COMPANY<\/td>\n<td>KUTAHYAPOLAT POWER GENERATION COMPANY<\/td>\n<td>KUTAHYA<\/td>\n<\/tr>\n<tr>\n<td>DINAR RES<\/td>\n<td>AFYONDINAR RES<\/td>\n<td>AFYON<\/td>\n<\/tr>\n<tr>\n<td>TEIAS REGIONAL MANAGEMENT<\/td>\n<td>ANTALYATEIAS REGIONAL MANAGEMENT<\/td>\n<td>ANTALYA<\/td>\n<\/tr>\n<tr>\n<td>POLAT POWER GENERATION COMPANY<\/td>\n<td>KUTAHYAPOLAT POWER GENERATION COMPANY<\/td>\n<td>KUTAHYA<\/td>\n<\/tr>\n<tr>\n<td>KRMAN<\/td>\n<td>NORTH IRAQ<\/td>\n<td><\/td>\n<\/tr>\n<tr>\n<td>DIYOBEN HES, TRABZON<\/td>\n<td><\/td>\n<td><\/td>\n<\/tr>\n<tr>\n<td>GEBZE OSB<\/td>\n<td><\/td>\n<td><\/td>\n<\/tr>\n<tr>\n<td>SADARA<\/td>\n<td>SAUDI ARABIA<\/td>\n<td><\/td>\n<\/tr>\n<tr>\n<td>TEIAS REGIONAL MANAGEMENT<\/td>\n<td>TUZLA<\/td>\n<td><\/td>\n<\/tr>\n<tr>\n<td>IMES INDUSTRIAL PARK<\/td>\n<td>GEBZE<\/td>\n<td><\/td>\n<\/tr>\n<tr>\n<td>TEIAS REGIONAL MANAGEMENT<\/td>\n<td>ISAKOY<\/td>\n<td><\/td>\n<\/tr>\n<tr>\n<td>POLAT POWER GENERATION COMPANY<\/td>\n<td>KUTAHYA<\/td>\n<td><\/td>\n<\/tr>\n<tr>\n<td>AKSAR NAZAR HES<\/td>\n<td>BITLIS<\/td>\n<td><\/td>\n<\/tr>\n<tr>\n<td>TEIAS REGIONAL MANAGEMENT<\/td>\n<td>SOKE<\/td>\n<td><\/td>\n<\/tr>\n<tr>\n<td>TEIAS REGIONAL MANAGEMENT<\/td>\n<td>TRAKYA DOKUM<\/td>\n<td><\/td>\n<\/tr>\n<tr>\n<td>TEIAS REGIONAL MANAGEMENT<\/td>\n<td>BURSA<\/td>\n<td><\/td>\n<\/tr>\n<tr>\n<td>TEIAS REGIONAL MANAGEMENT<\/td>\n<td>AFYON<\/td>\n<td><\/td>\n<\/tr>\n<tr>\n<td>TEIAS REGIONAL MANAGEMENT<\/td>\n<td>B\u0130TL\u0130S<\/td>\n<td><\/td>\n<\/tr>\n<tr>\n<td>OMO PROJECT<\/td>\n<td>NIGERIAOMO PROJECT<\/td>\n<td>NIGERIA<\/td>\n<\/tr>\n<tr>\n<td>KARAMAN INDUSTRIAL PARKKARAMAN<\/td>\n<td>INDUSTRIAL PARK<\/td>\n<td><\/td>\n<\/tr>\n<tr>\n<td>KUCUKYALI OFIS PARK<\/td>\n<td>ISTANBULKUCUKYALI OFIS PARK<\/td>\n<td>ISTANBUL<\/td>\n<\/tr>\n<tr>\n<td>KENYA KETRACO SUSWA 220KV<\/td>\n<td>SSKENYA KETRACO SUSWA 220KV SS<\/td>\n<td><\/td>\n<\/tr>\n<tr>\n<td>TEIAS REGIONAL MANAGEMENT<\/td>\n<td>\u00c7ANAKKALETEIAS REGIONAL MANAGEMENT<\/td>\n<td>\u00c7ANAKKALE<\/td>\n<\/tr>\n<tr>\n<td>TEIAS REGIONAL MANAGEMENT<\/td>\n<td>OSMANIYETEIAS REGIONAL MANAGEMENT<\/td>\n<td>OSMANIYE<\/td>\n<\/tr>\n<tr>\n<td>TEIAS REGIONAL MANAGEMENT<\/td>\n<td>ISTANBULTEIAS REGIONAL MANAGEMENT<\/td>\n<td>ISTANBUL<\/td>\n<\/tr>\n<tr>\n<td>MMK ATAKAS IRON AND STEEL PLANTMMK<\/td>\n<td>ATAKAS IRON AND STEEL PLANT<\/td>\n<td><\/td>\n<\/tr>\n<tr>\n<td>NATIONAL GRID SAUDI &#8212; MAKKAH<\/td>\n<td>AL-MASHAAR SUBSTANATIONAL GRID SAUDI<\/td>\n<td>MAKKAH, AL-MASHAAR SUBSTA<\/td>\n<\/tr>\n<tr>\n<td>GEBZE OSB<\/td>\n<td>KOCAELIGEBZE OSB<\/td>\n<td>KOCAELI<\/td>\n<\/tr>\n<tr>\n<td>HAYAT KIMYA MERSIN MANUFACTURING<\/td>\n<td>PLANTHAYAT KIMYA MERSIN MANUFACTURING PLANT<\/td>\n<td><\/td>\n<\/tr>\n<tr>\n<td>MAKINA OSB<\/td>\n<td>KOCAELIMAKINA OSB<\/td>\n<td>KOCAELI<\/td>\n<\/tr>\n<tr>\n<td>ROMANIA NATO BASE<\/td>\n<td>MV AUTOMATION SYSTEMROMANIA NATO BASE<\/td>\n<td>MV AUTOMATION SYSTEM<\/td>\n<\/tr>\n<tr>\n<td>AKSAR NAZAR HES<\/td>\n<td>BITLISAKSAR NAZAR HES<\/td>\n<td>BITLIS<\/td>\n<\/tr>\n<tr>\n<td>AKSA<\/td>\n<td>YALOVAAKSA<\/td>\n<td>YALOVA<\/td>\n<\/tr>\n<tr>\n<td>GSE GEORGIA TRANSMISSION COMPANY<\/td>\n<td><\/td>\n<td><\/td>\n<\/tr>\n<tr>\n<td>INCIRLIK AIR BASE<\/td>\n<td><\/td>\n<td><\/td>\n<\/tr>\n<tr>\n<td>TEIAS REGIONAL MANAGEMENT<\/td>\n<td>IZMIR<\/td>\n<td><\/td>\n<\/tr>\n<tr>\n<td>TEIAS GENERAL MANAGEMENT<\/td>\n<td><\/td>\n<td><\/td>\n<\/tr>\n<tr>\n<td>GSE GEORGIA TRANSMISSION COMPANY<\/td>\n<td><\/td>\n<td><\/td>\n<\/tr>\n<tr>\n<td>BEDAS BOGAZICI ELECTRIC DISTRIBITION COMPANY<\/td>\n<td><\/td>\n<td><\/td>\n<\/tr>\n<tr>\n<td>TEIAS GENERAL MANAGEMENT<\/td>\n<td>KONYA<\/td>\n<td><\/td>\n<\/tr>\n<tr>\n<td>TRANSMISSION COMPANY OF NIGERIA<\/td>\n<td><\/td>\n<td><\/td>\n<\/tr>\n<tr>\n<td>KARAMAN INDUSTRIAL PARK<\/td>\n<td><\/td>\n<td><\/td>\n<\/tr>\n<tr>\n<td>TEIAS REGIONAL MANAGEMENT<\/td>\n<td>ADANA<\/td>\n<td><\/td>\n<\/tr>\n<tr>\n<td>BIGA WPP AND KARABIGA SUSBTATION<\/td>\n<td><\/td>\n<td><\/td>\n<\/tr>\n<tr>\n<td>SAYALAR WIND POWER PLANT<\/td>\n<td><\/td>\n<td><\/td>\n<\/tr>\n<tr>\n<td>TEIAS REGIONAL MANAGEMENT<\/td>\n<td>ADAPAZARI<\/td>\n<td><\/td>\n<\/tr>\n<tr>\n<td>ALIA\u011eA OSB M\u00dcHENDISLIK HIZMETI<\/td>\n<td><\/td>\n<td><\/td>\n<\/tr>\n<tr>\n<td>UKRAYNA R\u00dcZGAR TURBIN PROJESI<\/td>\n<td><\/td>\n<td><\/td>\n<\/tr>\n<tr>\n<td>ITM RTU KAPSAMLARI<\/td>\n<td><\/td>\n<td><\/td>\n<\/tr>\n<tr>\n<td>POLAT ENERJI RTU HABERLE\u015eME KAPSAMI<\/td>\n<td><\/td>\n<td><\/td>\n<\/tr>\n<tr>\n<td>G\u00dcRMAT RTU HABERLE\u015eME KAPSAMI<\/td>\n<td><\/td>\n<td><\/td>\n<\/tr>\n<tr>\n<td>HABIBLER TM R\u00d6LE VE TEST DEVREYE ALMA KAPSAMI<\/td>\n<td><\/td>\n<td><\/td>\n<\/tr>\n<tr>\n<td>KENYA SAHA SERVISI<\/td>\n<td><\/td>\n<td><\/td>\n<\/tr>\n<tr>\n<td>EKSIM ENERJI<\/td>\n<td>KILLIK RES<\/td>\n<td><\/td>\n<\/tr>\n<tr>\n<td>OPTIMAL ENERJI<\/td>\n<td>MADRANBABA RES<\/td>\n<td><\/td>\n<\/tr>\n<tr>\n<td>SIEMENS<\/td>\n<td>RAS AL KHAIR PROJESI (SUUDI ARABISTAN)<\/td>\n<td><\/td>\n<\/tr>\n<tr>\n<td>ALSTOM<\/td>\n<td>KADIK\u00d6Y GIS<\/td>\n<td><\/td>\n<\/tr>\n<tr>\n<td>G\u00dcNG\u00d6R ELEKTRIK<\/td>\n<td>KUZEYTEPE TM ALTINKAYA TM<\/td>\n<td><\/td>\n<\/tr>\n<tr>\n<td>ALF ELEKTRIK<\/td>\n<td>\u00c7IR\u00c7IP, SIVEREK, G\u00d6YN\u00dcK HAVZA TM<\/td>\n<td><\/td>\n<\/tr>\n<tr>\n<td>IMES OSB<\/td>\n<td>KAPALI RING SISTEMI<\/td>\n<td><\/td>\n<\/tr>\n<tr>\n<td>T\u00dcRKIYE ELEKTRIK \u0130LETIM A.\u015e. (TE\u0130A\u015e)<\/td>\n<td>\u00d6ZEL KORUMA SISTEMIT\u00dcRKIYE ELEKTRIK \u0130LETIM A.\u015e. (TE\u0130A\u015e)<\/td>\n<td>\u00d6ZEL KORUMA SISTEMI<\/td>\n<\/tr>\n<tr>\n<td>TOYOTA<\/td>\n<td>HABERLE\u015eME KAPSAMI<\/td>\n<td><\/td>\n<\/tr>\n<tr>\n<td>SCHNEIDER<\/td>\n<td>DEWA PROJELERI RTU KAPSAMI (DUBAI)<\/td>\n<td><\/td>\n<\/tr>\n<tr>\n<td>ALF ELEKTRIK<\/td>\n<td>ADANA TM, KADIRLI TM, CEYHAN TM, BAH\u00c7E TM<\/td>\n<td><\/td>\n<\/tr>\n<tr>\n<td>MMK ATAKA\u015e<\/td>\n<td>ZAMAN SENKRONIZASYON SISTEMI KURULUMU<\/td>\n<td><\/td>\n<\/tr>\n<tr>\n<td>AGANTA ELEKTRIK<\/td>\n<td>PETLAS TM<\/td>\n<td><\/td>\n<\/tr>\n<tr>\n<td>DEMIRER ENERJI<\/td>\n<td>POYRAZG\u00d6L\u00dc RES<\/td>\n<td><\/td>\n<\/tr>\n<tr>\n<td>BEST ELEKTRIK<\/td>\n<td>TEIA\u015e \u0130TM PROJELERI RTU KAPSAMLARI<\/td>\n<td><\/td>\n<\/tr>\n<tr>\n<td>SEL G\u00dcNEY AFRIKA<\/td>\n<td>OMO PROJESI (NIJERYA)<\/td>\n<td><\/td>\n<\/tr>\n<tr>\n<td>GENSER M\u00dcHENDISLIK<\/td>\n<td>ALA\u015eEHIR JES<\/td>\n<td><\/td>\n<\/tr>\n<tr>\n<td>\u0130LK \u0130N\u015eAAT<\/td>\n<td>SAHA SERVISI (T\u00dcRKMENISTAN)<\/td>\n<td><\/td>\n<\/tr>\n<tr>\n<td>KARAMAN OSB<\/td>\n<td>KAPALI RING SISTEMI<\/td>\n<td><\/td>\n<\/tr>\n<tr>\n<td>T\u00dcRKIYE ATOM ENERJISI KURUMU<\/td>\n<td>R\u00d6LE SELEKTIVITE<\/td>\n<td><\/td>\n<\/tr>\n<tr>\n<td>YILMAZ ELEKTRIK OTOMASYON (YEO)<\/td>\n<td>TEIA\u015e SERVER KAPSAMLARI<\/td>\n<td><\/td>\n<\/tr>\n<tr>\n<td>ANDRITZ HYDRO<\/td>\n<td>MANAVGAT HES<\/td>\n<td><\/td>\n<\/tr>\n<tr>\n<td>T\u00dcRKIYE ELEKTRIK \u0130LETIM A.\u015e. (TE\u0130A\u015e)<\/td>\n<td>\u00d6ZEL KORUMA SISTEMI<\/td>\n<td><\/td>\n<\/tr>\n<tr>\n<td>R\u00d6NESANS HOLDING<\/td>\n<td>KISA DEVRE \u00c7ALI\u015eMALARI<\/td>\n<td><\/td>\n<\/tr>\n<tr>\n<td>EGDAS<\/td>\n<td>HAYAT KIMYA Y\u00dcK ATMA SISTEMI<\/td>\n<td><\/td>\n<\/tr>\n<tr>\n<td>T\u00dcRKIYE ELEKTRIK \u0130LETIM A.\u015e. (TE\u0130A\u015e) 3.\u0130LETIM<\/td>\n<td>BARA KORUMA SISTEMI<\/td>\n<td><\/td>\n<\/tr>\n<tr>\n<td>SETA ENERJI<\/td>\n<td>KADINCIK TM<\/td>\n<td><\/td>\n<\/tr>\n<tr>\n<td>T\u00dcRKIYE ELEKTRIK \u0130LETIM A.\u015e. (TE\u0130A\u015e)<\/td>\n<td>DIFERANSIYEL R\u00d6LE ALIMI<\/td>\n<td><\/td>\n<\/tr>\n<tr>\n<td>BO\u011eAZI\u00c7I ELEKTRIK DA\u011eITIM A.\u015e. (BEDA\u015e)<\/td>\n<td>KAPALI RING SISTEMI<\/td>\n<td><\/td>\n<\/tr>\n<tr>\n<td>POWER SYSTEM SOLUTIONS (NIJERYA)<\/td>\n<td>AFAM-2 PROJESI<\/td>\n<td><\/td>\n<\/tr>\n<tr>\n<td>\u00d6L\u00c7ER \u0130N\u015eAAT<\/td>\n<td>BALIKESIR TM<\/td>\n<td><\/td>\n<\/tr>\n<tr>\n<td>SEL\u00c7UK ALBAYRAK-YAPIEL \u0130N\u015eAAT<\/td>\n<td>MILAS TM<\/td>\n<td><\/td>\n<\/tr>\n<tr>\n<td>KONTROLMATIK<\/td>\n<td>DC HIPOT CIHAZI<\/td>\n<td><\/td>\n<\/tr>\n<tr>\n<td>SEL\u00c7UK ALBAYRAK<\/td>\n<td>R\u00d6LE TEST CIHAZI<\/td>\n<td><\/td>\n<\/tr>\n<tr>\n<td>ALIA\u011eA OSB<\/td>\n<td>SELEKTIVITE \u00c7ALI\u015eMALARI<\/td>\n<td><\/td>\n<\/tr>\n<tr>\n<td>HICC COMPANY<\/td>\n<td>KERSON RES PROJESI (UKRAYNA)<\/td>\n<td><\/td>\n<\/tr>\n<tr>\n<td>VERA ELEKTROMEKANIK<\/td>\n<td>ITM RTU KAPSAMLARI<\/td>\n<td><\/td>\n<\/tr>\n<tr>\n<td>POLAT ENERJI<\/td>\n<td>RTU HABERLE\u015eME KAPSAMI<\/td>\n<td><\/td>\n<\/tr>\n<tr>\n<td>G\u00dcRMAT<\/td>\n<td>RTU HABERLE\u015eME KAPSAMI<\/td>\n<td><\/td>\n<\/tr>\n<tr>\n<td>SANEL M\u00dcHENDISLIK<\/td>\n<td>TE\u0130A\u015e HABIBLER TM<\/td>\n<td><\/td>\n<\/tr>\n<tr>\n<td>SEL G\u00dcNEY AFRIKA<\/td>\n<td>SUSWA TRAFO MERKEZI (KENYA)<\/td>\n<td><\/td>\n<\/tr>\n<\/tbody>\n<\/table>\n<p><\/p>","protected":false},"excerpt":{"rendered":"<p>DEWA DUBAIDEWA DUBAI TEIAS REGIONAL MANAGEMENT IZMIRTEIAS REGIONAL MANAGEMENT IZMIR TEIAS REGIONAL MANAGEMENT KUTAHYATEIAS REGIONAL MANAGEMENT KUTAHYA TEIAS REGIONAL MANAGEMENT GAZIANTEPTEIAS REGIONAL MANAGEMENT GAZIANTEP US AIR BASE &#8212; INCIRLIK ADANAUS AIR BASE INCIRLIK &#8212; ADANA TURK TRAKTOR FACTORYTURK TRAKTOR FACTORY PEM ENERGYPEM ENERGY TEIAS GENERAL MANAGEMENT ANKARATEIAS GENERAL MANAGEMENT ANKARA PEM ENERGYPEM ENERGY TEIAS REGIONAL [&hellip;]<\/p>\n","protected":false},"author":1,"featured_media":0,"parent":0,"menu_order":0,"comment_status":"closed","ping_status":"closed","template":"","meta":{"footnotes":""},"class_list":["post-210","page","type-page","status-publish","hentry"],"_links":{"self":[{"href":"https:\/\/www.koztek.com\/ru\/wp-json\/wp\/v2\/pages\/210","targetHints":{"allow":["GET"]}}],"collection":[{"href":"https:\/\/www.koztek.com\/ru\/wp-json\/wp\/v2\/pages"}],"about":[{"href":"https:\/\/www.koztek.com\/ru\/wp-json\/wp\/v2\/types\/page"}],"author":[{"embeddable":true,"href":"https:\/\/www.koztek.com\/ru\/wp-json\/wp\/v2\/users\/1"}],"replies":[{"embeddable":true,"href":"https:\/\/www.koztek.com\/ru\/wp-json\/wp\/v2\/comments?post=210"}],"version-history":[{"count":34,"href":"https:\/\/www.koztek.com\/ru\/wp-json\/wp\/v2\/pages\/210\/revisions"}],"predecessor-version":[{"id":1183,"href":"https:\/\/www.koztek.com\/ru\/wp-json\/wp\/v2\/pages\/210\/revisions\/1183"}],"wp:attachment":[{"href":"https:\/\/www.koztek.com\/ru\/wp-json\/wp\/v2\/media?parent=210"}],"curies":[{"name":"wp","href":"https:\/\/api.w.org\/{rel}","templated":true}]}}