{"id":2880,"date":"2025-04-07T15:31:50","date_gmt":"2025-04-07T12:31:50","guid":{"rendered":"https:\/\/www.koztek.com\/?page_id=2880"},"modified":"2025-04-07T15:36:18","modified_gmt":"2025-04-07T12:36:18","slug":"kariyer","status":"publish","type":"page","link":"https:\/\/www.koztek.com\/en\/kariyer\/","title":{"rendered":"KAR\u0130YER"},"content":{"rendered":"\n<div class=\"wp-block-columns is-layout-flex wp-container-core-columns-is-layout-1 wp-block-columns-is-layout-flex\">\n<div class=\"wp-block-column is-layout-flow wp-block-column-is-layout-flow\" style=\"flex-basis:66.66%\">\n<h2 class=\"wp-block-heading\">\u0130NSAN KAYNAKLARI BA\u015eVURUSU<\/h2>\n\n\n\n<p>Mail \u00fczerinden bize bilgilerinizi ve CV&#8217;nizi iletebilirsiniz.<\/p>\n<\/div>\n\n\n\n<div class=\"wp-block-column is-layout-flow wp-block-column-is-layout-flow\" style=\"flex-basis:33.33%\">\n<div class=\"wp-block-buttons is-layout-flex wp-block-buttons-is-layout-flex\">\n<div class=\"wp-block-button\"><a class=\"wp-block-button__link wp-element-button\" href=\"mailto:info@koztek.com\">Mail G\u00f6nder<\/a><\/div>\n<\/div>\n<\/div>\n<\/div>\n","protected":false},"excerpt":{"rendered":"<p>\u0130NSAN KAYNAKLARI BA\u015eVURUSU Mail \u00fczerinden bize bilgilerinizi ve CV&#8217;nizi iletebilirsiniz.<\/p>\n","protected":false},"author":1,"featured_media":0,"parent":0,"menu_order":0,"comment_status":"closed","ping_status":"closed","template":"","meta":{"footnotes":""},"class_list":["post-2880","page","type-page","status-publish","hentry"],"_links":{"self":[{"href":"https:\/\/www.koztek.com\/en\/wp-json\/wp\/v2\/pages\/2880","targetHints":{"allow":["GET"]}}],"collection":[{"href":"https:\/\/www.koztek.com\/en\/wp-json\/wp\/v2\/pages"}],"about":[{"href":"https:\/\/www.koztek.com\/en\/wp-json\/wp\/v2\/types\/page"}],"author":[{"embeddable":true,"href":"https:\/\/www.koztek.com\/en\/wp-json\/wp\/v2\/users\/1"}],"replies":[{"embeddable":true,"href":"https:\/\/www.koztek.com\/en\/wp-json\/wp\/v2\/comments?post=2880"}],"version-history":[{"count":3,"href":"https:\/\/www.koztek.com\/en\/wp-json\/wp\/v2\/pages\/2880\/revisions"}],"predecessor-version":[{"id":2886,"href":"https:\/\/www.koztek.com\/en\/wp-json\/wp\/v2\/pages\/2880\/revisions\/2886"}],"wp:attachment":[{"href":"https:\/\/www.koztek.com\/en\/wp-json\/wp\/v2\/media?parent=2880"}],"curies":[{"name":"wp","href":"https:\/\/api.w.org\/{rel}","templated":true}]}}